{"id":118,"date":"2024-01-21T16:55:27","date_gmt":"2024-01-21T15:55:27","guid":{"rendered":"https:\/\/dietlind-falk.com\/?page_id=118"},"modified":"2024-01-21T17:01:05","modified_gmt":"2024-01-21T16:01:05","slug":"auszeichnungen","status":"publish","type":"page","link":"https:\/\/dietlind-falk.com\/index.php\/auszeichnungen\/","title":{"rendered":"Auszeichnungen"},"content":{"rendered":"<p>2020 Arbeitsstipendium des Ministeriums f\u00fcr Kultur und Wissenschaft NRW f\u00fcr den Roman \u201eNo Regrets\u201c<\/p>\n<p>2022 Arbeitsstipendium des deutschen \u00dcbersetzerfonds f\u00fcr die \u00dcbersetzung von Jakob Guanzons \u201e\u00dcberfluss\u201c<\/p>\n<p>2022 Arbeitsstipendium des Literarischen Colloquiums Berlin f\u00fcr den Roman \u201eLa Monstrua\u201c<\/p>\n<p>2022 F\u00f6rderung der Kunststiftung NRW f\u00fcr die Neu\u00fcbersetzung von Octavia E. Butlers Parabel-Reihe<\/p>\n<p>2023 F\u00f6rderung der Kunststiftung NRW f\u00fcr die Arbeit am Roman \u201eLa Monstrua\u201c<\/p>\n<p>2023 F\u00f6rderpreis f\u00fcr Literatur der Stadt D\u00fcsseldorf<!--more--><\/p>\n","protected":false},"excerpt":{"rendered":"<p>2020 Arbeitsstipendium des Ministeriums f\u00fcr Kultur und Wissenschaft NRW f\u00fcr den Roman \u201eNo Regrets\u201c 2022 Arbeitsstipendium des deutschen \u00dcbersetzerfonds f\u00fcr die \u00dcbersetzung von Jakob Guanzons \u201e\u00dcberfluss\u201c 2022 Arbeitsstipendium des Literarischen Colloquiums Berlin f\u00fcr den Roman \u201eLa Monstrua\u201c 2022 F\u00f6rderung der Kunststiftung NRW f\u00fcr die Neu\u00fcbersetzung von Octavia E. Butlers Parabel-Reihe 2023 F\u00f6rderung der Kunststiftung NRW [&hellip;]<\/p>\n","protected":false},"author":1,"featured_media":0,"parent":0,"menu_order":0,"comment_status":"closed","ping_status":"closed","template":"","meta":{"footnotes":""},"_links":{"self":[{"href":"https:\/\/dietlind-falk.com\/index.php\/wp-json\/wp\/v2\/pages\/118"}],"collection":[{"href":"https:\/\/dietlind-falk.com\/index.php\/wp-json\/wp\/v2\/pages"}],"about":[{"href":"https:\/\/dietlind-falk.com\/index.php\/wp-json\/wp\/v2\/types\/page"}],"author":[{"embeddable":true,"href":"https:\/\/dietlind-falk.com\/index.php\/wp-json\/wp\/v2\/users\/1"}],"replies":[{"embeddable":true,"href":"https:\/\/dietlind-falk.com\/index.php\/wp-json\/wp\/v2\/comments?post=118"}],"version-history":[{"count":3,"href":"https:\/\/dietlind-falk.com\/index.php\/wp-json\/wp\/v2\/pages\/118\/revisions"}],"predecessor-version":[{"id":123,"href":"https:\/\/dietlind-falk.com\/index.php\/wp-json\/wp\/v2\/pages\/118\/revisions\/123"}],"wp:attachment":[{"href":"https:\/\/dietlind-falk.com\/index.php\/wp-json\/wp\/v2\/media?parent=118"}],"curies":[{"name":"wp","href":"https:\/\/api.w.org\/{rel}","templated":true}]}}